{"id":301,"date":"2015-12-22T11:28:58","date_gmt":"2015-12-22T10:28:58","guid":{"rendered":"http:\/\/republicdomain.net\/deck\/?page_id=301"},"modified":"2016-01-02T07:12:12","modified_gmt":"2016-01-02T06:12:12","slug":"deck-pinago-berlin-2015","status":"publish","type":"page","link":"https:\/\/republicdomain.net\/deck\/deck-pinago-berlin-2015\/","title":{"rendered":"49 Werke die irgendetwas mit Berlin zu tun haben"},"content":{"rendered":"<p><img loading=\"lazy\" decoding=\"async\" class=\"alignright\" src=\"http:\/\/digit.republicdomain.net\/1945\/Georg%20Scholz\/Industriebauern\/Industriebauern11.jpg\" alt=\"\" width=\"125\" height=\"180\" \/>Re:Public Domain Bingo basiert auf Werken im Public Domain. Gewonnen hat die Teilnehmerin, die als erste 6 von 49 Werken gesammelt hat. \u00a0Gesammelt werden die Werke auf einer <a href=\"http:\/\/digit.republicdomain.net\/1945\/Georg%20Scholz\/Industriebauern\/Industriebauern11.jpg\">leeren Vorlage des Werkes &#8222;Industriebauern&#8220;<\/a> und der \u00a0<a href=\"http:\/\/remix.republicdomain.net\/barcode\/Alle_Barcodes_Industriebauern.pdf\">Bingo-Schablonen <\/a>mit den Zahlen.<\/p>\n<p>Um mitzuspielen wird ein QR Reader ben\u00f6tigt. Wir empfehlen aktuell folgende QR Code Reader:\u00a0<a href=\"https:\/\/play.google.com\/store\/apps\/details?id=tw.mobileapp.qrcode.banner\">QR Code Reader\u00a0<\/a>\u00a0f\u00fcr Android und\u00a0<a href=\"https:\/\/itunes.apple.com\/en\/app\/qr-reader-for-iphone\/id368494609?mt=8\">QR Code Reader f\u00fcr Apple Iphone<\/a><\/p>\n<p>Moderiert wird das Bing von Mario Purkathofer und Daniel Boos &#8211; Dock18 &#8211; Institut f\u00fcr Medienkulturen, Z\u00fcrich. W\u00e4hrend dem Bingo erz\u00e4hlen sie die Werkgeschichten von deren Entstehung, dem \u00fcberdauern der Zeit und der heutigen Aneignung durch neue Kunstschaffende mit digitalen Technologien.<\/p>\n<p>Bingo wurde am 27.11.2015 das erste Mal in Berlin zur <a href=\"http:\/\/digitalbrainstorming.ch\/de\/program\/publicdomainberlin\">Vernissage des Buches &#8222;Public Domain&#8220;,<\/a> Herausgeber Dominik Landwehr, Christof Merian Verlag, gespielt.<\/p>\n<p>Das Projekt wird finanziell unterst\u00fctzt vom Migros Kulturprozent und hat 2015 den <a href=\"http:\/\/digitalbrainstorming.ch\/de\/program\/wbvergabe2015\">Werkbeitrag<\/a> erhalten.<\/p>\n<p><strong>6 aus 49 <\/strong><\/p>\n<table>\n<tbody>\n<tr>\n<td><a href=\"https:\/\/republicdomain.net\/deck\/tag\/1\/\">1<\/a><\/td>\n<td><a href=\"https:\/\/republicdomain.net\/deck\/tag\/2\/\">2<\/a><\/td>\n<td><a href=\"https:\/\/republicdomain.net\/deck\/tag\/3\/\">3<\/a><\/td>\n<td><a href=\"https:\/\/republicdomain.net\/deck\/tag\/4\/\">4<\/a><\/td>\n<td><a href=\"https:\/\/republicdomain.net\/deck\/tag\/5\/\">5<\/a><\/td>\n<td><a href=\"https:\/\/republicdomain.net\/deck\/tag\/6\/\">6<\/a><\/td>\n<td><a href=\"https:\/\/republicdomain.net\/deck\/tag\/7\/\">7<\/a><\/td>\n<\/tr>\n<tr>\n<td><a href=\"https:\/\/republicdomain.net\/deck\/tag\/8\/\">8<\/a><\/td>\n<td><a href=\"https:\/\/republicdomain.net\/deck\/tag\/9\/\">9<\/a><\/td>\n<td><a href=\"https:\/\/republicdomain.net\/deck\/tag\/10\/\">10<\/a><\/td>\n<td><a href=\"https:\/\/republicdomain.net\/deck\/tag\/11\/\">11<\/a><\/td>\n<td><a href=\"https:\/\/republicdomain.net\/deck\/tag\/12\/\">12<\/a><\/td>\n<td><a href=\"https:\/\/republicdomain.net\/deck\/tag\/13\/\">13<\/a><\/td>\n<td><a href=\"https:\/\/republicdomain.net\/deck\/tag\/14\/\">14<\/a><\/td>\n<\/tr>\n<tr>\n<td><a href=\"https:\/\/republicdomain.net\/deck\/tag\/15\/\">15<\/a><\/td>\n<td><a href=\"https:\/\/republicdomain.net\/deck\/tag\/16\/\">16<\/a><\/td>\n<td><a href=\"https:\/\/republicdomain.net\/deck\/tag\/17\/\">17<\/a><\/td>\n<td><a href=\"https:\/\/republicdomain.net\/deck\/tag\/18\/\">18<\/a><\/td>\n<td><a href=\"https:\/\/republicdomain.net\/deck\/tag\/19\/\">19<\/a><\/td>\n<td><a href=\"https:\/\/republicdomain.net\/deck\/tag\/20\/\">20<\/a><\/td>\n<td><a href=\"https:\/\/republicdomain.net\/deck\/tag\/21\/\">21<\/a><\/td>\n<\/tr>\n<tr>\n<td><a href=\"https:\/\/republicdomain.net\/deck\/tag\/22\/\">22<\/a><\/td>\n<td><a href=\"https:\/\/republicdomain.net\/deck\/tag\/23\/\">23<\/a><\/td>\n<td><a href=\"https:\/\/republicdomain.net\/deck\/tag\/24\/\">24<\/a><\/td>\n<td><a href=\"https:\/\/republicdomain.net\/deck\/tag\/25\/\">25<\/a><\/td>\n<td><a href=\"https:\/\/republicdomain.net\/deck\/tag\/26\/\">26<\/a><\/td>\n<td><a href=\"https:\/\/republicdomain.net\/deck\/tag\/27\/\">27<\/a><\/td>\n<td><a href=\"https:\/\/republicdomain.net\/deck\/tag\/28\/\">28<\/a><\/td>\n<\/tr>\n<tr>\n<td><a href=\"https:\/\/republicdomain.net\/deck\/tag\/29\/\">29<\/a><\/td>\n<td><a href=\"https:\/\/republicdomain.net\/deck\/tag\/30\/\">30<\/a><\/td>\n<td><a href=\"https:\/\/republicdomain.net\/deck\/tag\/31\/\">31<\/a><\/td>\n<td><a href=\"https:\/\/republicdomain.net\/deck\/tag\/32\/\">32<\/a><\/td>\n<td><a href=\"https:\/\/republicdomain.net\/deck\/tag\/33\/\">33<\/a><\/td>\n<td><a href=\"https:\/\/republicdomain.net\/deck\/tag\/34\/\">34<\/a><\/td>\n<td><a href=\"https:\/\/republicdomain.net\/deck\/tag\/35\/\">35<\/a><\/td>\n<\/tr>\n<tr>\n<td><a href=\"https:\/\/republicdomain.net\/deck\/tag\/36\/\">36<\/a><\/td>\n<td><a href=\"https:\/\/republicdomain.net\/deck\/tag\/37\/\">37<\/a><\/td>\n<td><a href=\"https:\/\/republicdomain.net\/deck\/tag\/38\/\">38<\/a><\/td>\n<td><a href=\"https:\/\/republicdomain.net\/deck\/tag\/39\/\">39<\/a><\/td>\n<td><a href=\"https:\/\/republicdomain.net\/deck\/tag\/40\/\">40<\/a><\/td>\n<td><a href=\"https:\/\/republicdomain.net\/deck\/tag\/41\/\">41<\/a><\/td>\n<td><a href=\"https:\/\/republicdomain.net\/deck\/tag\/42\/\">42<\/a><\/td>\n<\/tr>\n<tr>\n<td><a href=\"https:\/\/republicdomain.net\/deck\/tag\/43\/\">43<\/a><\/td>\n<td><a href=\"https:\/\/republicdomain.net\/deck\/tag\/44\/\">44<\/a><\/td>\n<td><a href=\"https:\/\/republicdomain.net\/deck\/tag\/45\/\">45<\/a><\/td>\n<td><a href=\"https:\/\/republicdomain.net\/deck\/tag\/46\/\">46<\/a><\/td>\n<td><a href=\"https:\/\/republicdomain.net\/deck\/tag\/47\/\">47<\/a><\/td>\n<td><a href=\"https:\/\/republicdomain.net\/deck\/tag\/48\/\">48<\/a><\/td>\n<td><a href=\"https:\/\/republicdomain.net\/deck\/tag\/49\/\">49<\/a><\/td>\n<\/tr>\n<\/tbody>\n<\/table>\n<p><strong>Alle verwendeten Werke<\/strong><\/p>\n<p>Alle Werke die in der Bingonacht Berlin verwendet wurden<\/p>\n<p>[catlist name=berlin2015 numberposts=50]<\/p>\n","protected":false},"excerpt":{"rendered":"<div class=\"mh-excerpt\"><p> <a class=\"mh-excerpt-more\" href=\"https:\/\/republicdomain.net\/deck\/deck-pinago-berlin-2015\/\" title=\"49 Werke die irgendetwas mit Berlin zu tun haben\"><\/a><\/p>\n<\/div>","protected":false},"author":1,"featured_media":0,"parent":0,"menu_order":0,"comment_status":"closed","ping_status":"closed","template":"","meta":{"footnotes":""},"class_list":["post-301","page","type-page","status-publish","hentry"],"_links":{"self":[{"href":"https:\/\/republicdomain.net\/deck\/wp-json\/wp\/v2\/pages\/301","targetHints":{"allow":["GET"]}}],"collection":[{"href":"https:\/\/republicdomain.net\/deck\/wp-json\/wp\/v2\/pages"}],"about":[{"href":"https:\/\/republicdomain.net\/deck\/wp-json\/wp\/v2\/types\/page"}],"author":[{"embeddable":true,"href":"https:\/\/republicdomain.net\/deck\/wp-json\/wp\/v2\/users\/1"}],"replies":[{"embeddable":true,"href":"https:\/\/republicdomain.net\/deck\/wp-json\/wp\/v2\/comments?post=301"}],"version-history":[{"count":12,"href":"https:\/\/republicdomain.net\/deck\/wp-json\/wp\/v2\/pages\/301\/revisions"}],"predecessor-version":[{"id":520,"href":"https:\/\/republicdomain.net\/deck\/wp-json\/wp\/v2\/pages\/301\/revisions\/520"}],"wp:attachment":[{"href":"https:\/\/republicdomain.net\/deck\/wp-json\/wp\/v2\/media?parent=301"}],"curies":[{"name":"wp","href":"https:\/\/api.w.org\/{rel}","templated":true}]}}