{"id":491,"date":"2016-01-01T07:44:58","date_gmt":"2016-01-01T06:44:58","guid":{"rendered":"http:\/\/republicdomain.net\/deck\/?page_id=491"},"modified":"2016-01-01T08:03:22","modified_gmt":"2016-01-01T07:03:22","slug":"ueber-das-spiel","status":"publish","type":"page","link":"https:\/\/republicdomain.net\/deck\/ueber-das-spiel\/","title":{"rendered":"\u00dcber das Spiel"},"content":{"rendered":"<p><strong>Wie funktioniert dieses Spiel?<\/strong><\/p>\n<p><strong>Online<\/strong><br \/>\nAuf diesen Seiten findest du historische Digitalisate in verschiedenen Decks organisisiert, die von unserer Redaktion zusammengestellt werden. Zum Beispiel &#8222;49 Dinge, die irgendetwas mit Berlin zu tun haben&#8220;, &#8222;24 dadaistische Dinge, die uns eingefallen sind&#8220;, &#8222;36 historische Digitalisate die am 1.1.2016 gemeinfrei sind&#8220;, usw. Du kannst die Seiten durchst\u00f6bern, herunterladen und verwenden.<\/p>\n<p><strong>Karten<\/strong><br \/>\nZu jedem virtuellen Deck werden physische Karten produziert. Die Karten sind in kulturellen Institutionen erh\u00e4ltlich. Auf diesen Karten befindet sich auch jeweils ein Link zu den Digitalisaten.<\/p>\n<p><strong>Catch &#8218;em all<\/strong><br \/>\nZiel des Spiels ist es nat\u00fcrlich alle Karten zu erwerben und so ein eigenes Archiv historischer Digitalisate anzulegen.<\/p>\n<p><strong>Mitmachen &#8211; Sei selbst dabei<\/strong><br \/>\nDieses Archiv kannst du selbst aktiv mitgestalten, in dem du Ausstellungen organisierste (mit deinen Karten im Wohnzimmer) oder Knoten erstellst.<\/p>\n<p><strong>Knoten<\/strong><br \/>\nBei jedem Werk hat es auf der Webseite unten die M\u00f6glichkeit einen Knoten hinzuzuf\u00fcgen. Diese Knoten k\u00f6nnen alles m\u00f6gliche sein: Kommentare, Neubearbeitungen, Hinweise auf Nutzungen (eigene oder andere), digitale Remixes etc. (wenn du Serverplatz zum Hochladen brauchst bitte melden). Dieses Knotenwerkzeug befindet sich auch noch im Ausbau.<\/p>\n<p><strong>99 Spielregeln<\/strong><br \/>\nSpielvorschl\u00e4ge und Regeln werden von uns mit den Kartensets ausgeliefert. In \u00f6ffentlichen Spielrunden spielen wir immer wieder mit dem Publikum z.B. Bingo, Pongo oder Peng-Go! Mit den Karten l\u00e4sst sich auch eine eigene Ausstellung zusammenstellen. Schicke uns deine eigenen Spielvorschl\u00e4ge und Ideen, was man mit den Karten noch alles anstellen kann.<\/p>\n","protected":false},"excerpt":{"rendered":"<div class=\"mh-excerpt\"><p> <a class=\"mh-excerpt-more\" href=\"https:\/\/republicdomain.net\/deck\/ueber-das-spiel\/\" title=\"\u00dcber das Spiel\"><\/a><\/p>\n<\/div>","protected":false},"author":2,"featured_media":0,"parent":0,"menu_order":0,"comment_status":"closed","ping_status":"closed","template":"","meta":{"footnotes":""},"class_list":["post-491","page","type-page","status-publish","hentry"],"_links":{"self":[{"href":"https:\/\/republicdomain.net\/deck\/wp-json\/wp\/v2\/pages\/491","targetHints":{"allow":["GET"]}}],"collection":[{"href":"https:\/\/republicdomain.net\/deck\/wp-json\/wp\/v2\/pages"}],"about":[{"href":"https:\/\/republicdomain.net\/deck\/wp-json\/wp\/v2\/types\/page"}],"author":[{"embeddable":true,"href":"https:\/\/republicdomain.net\/deck\/wp-json\/wp\/v2\/users\/2"}],"replies":[{"embeddable":true,"href":"https:\/\/republicdomain.net\/deck\/wp-json\/wp\/v2\/comments?post=491"}],"version-history":[{"count":2,"href":"https:\/\/republicdomain.net\/deck\/wp-json\/wp\/v2\/pages\/491\/revisions"}],"predecessor-version":[{"id":502,"href":"https:\/\/republicdomain.net\/deck\/wp-json\/wp\/v2\/pages\/491\/revisions\/502"}],"wp:attachment":[{"href":"https:\/\/republicdomain.net\/deck\/wp-json\/wp\/v2\/media?parent=491"}],"curies":[{"name":"wp","href":"https:\/\/api.w.org\/{rel}","templated":true}]}}