{"id":779,"date":"2016-03-17T21:54:41","date_gmt":"2016-03-17T20:54:41","guid":{"rendered":"http:\/\/republicdomain.net\/deck\/?page_id=779"},"modified":"2016-04-05T07:48:04","modified_gmt":"2016-04-05T05:48:04","slug":"dada_work","status":"publish","type":"page","link":"https:\/\/republicdomain.net\/deck\/dada_work\/","title":{"rendered":"24 dadaistische Dinge die uns spontan eingefallen sind &#8211; WORK"},"content":{"rendered":"<p>Zusammen mit Dada-Spezialistinnen w\u00e4hlen wir 24 dadaistische Werke aus, die uns spontan eingefallen sein werden. Das vollst\u00e4ndige Deck wird im Laufe des 100-j\u00e4hrigen Jubil\u00e4ums von Dada publiziert. Die versammelten Digitalisate dienen als Grundlage f\u00fcr die Ausstellung Re:Dada und werden durch zeitgen\u00f6ssische Adaptionen erg\u00e4nzt.<\/p>\n<blockquote><p>Re:Dada, 4.11.-24.11. Swissnex, San Francisco\/USA<\/p><\/blockquote>\n<p>All available Works<br \/>\n[table id=4 \/]<\/p>\n<p>Alle Werke in der \u00dcbersicht<br \/>\n[catlist name=dada numberposts=75]<\/p>\n","protected":false},"excerpt":{"rendered":"<div class=\"mh-excerpt\"><p> <a class=\"mh-excerpt-more\" href=\"https:\/\/republicdomain.net\/deck\/dada_work\/\" title=\"24 dadaistische Dinge die uns spontan eingefallen sind &#8211; WORK\"><\/a><\/p>\n<\/div>","protected":false},"author":1,"featured_media":0,"parent":0,"menu_order":0,"comment_status":"closed","ping_status":"closed","template":"","meta":{"footnotes":""},"class_list":["post-779","page","type-page","status-publish","hentry"],"_links":{"self":[{"href":"https:\/\/republicdomain.net\/deck\/wp-json\/wp\/v2\/pages\/779","targetHints":{"allow":["GET"]}}],"collection":[{"href":"https:\/\/republicdomain.net\/deck\/wp-json\/wp\/v2\/pages"}],"about":[{"href":"https:\/\/republicdomain.net\/deck\/wp-json\/wp\/v2\/types\/page"}],"author":[{"embeddable":true,"href":"https:\/\/republicdomain.net\/deck\/wp-json\/wp\/v2\/users\/1"}],"replies":[{"embeddable":true,"href":"https:\/\/republicdomain.net\/deck\/wp-json\/wp\/v2\/comments?post=779"}],"version-history":[{"count":6,"href":"https:\/\/republicdomain.net\/deck\/wp-json\/wp\/v2\/pages\/779\/revisions"}],"predecessor-version":[{"id":813,"href":"https:\/\/republicdomain.net\/deck\/wp-json\/wp\/v2\/pages\/779\/revisions\/813"}],"wp:attachment":[{"href":"https:\/\/republicdomain.net\/deck\/wp-json\/wp\/v2\/media?parent=779"}],"curies":[{"name":"wp","href":"https:\/\/api.w.org\/{rel}","templated":true}]}}