{"id":174,"date":"2015-11-21T16:57:16","date_gmt":"2015-11-21T15:57:16","guid":{"rendered":"http:\/\/republicdomain.net\/pinago\/?page_id=174"},"modified":"2015-11-21T16:58:48","modified_gmt":"2015-11-21T15:58:48","slug":"info","status":"publish","type":"page","link":"https:\/\/republicdomain.net\/pinago\/info\/","title":{"rendered":"Info"},"content":{"rendered":"<p>Re:Public Domain Bingo ist ein Bingo \u00a0basierend auf Werken im Public Domain. Gewonnen hat die Person, welche als erste 6 von 49 Werken gesammelt hat. \u00a0Gesammelt werden die Werke auf einer <a href=\"http:\/\/digit.republicdomain.net\/1945\/Georg%20Scholz\/Industriebauern\/Industriebauern11.jpg\">leeren Vorlage des Werkes &#8222;Industriebauern&#8220;<\/a> und der \u00a0<a href=\"http:\/\/remix.republicdomain.net\/barcode\/Alle_Barcodes_Industriebauern.pdf\">Bingo-Schablonen <\/a>mit den Zahlen.<\/p>\n<p>Um mitzuspielen wird ein Smartphone mit QR Reader empfohlen.<\/p>\n<p>Um mitzuspielen wird ein QR Reader ben\u00f6tigt. Wir empfehlen aktuell folgende QR Code Reader:\u00a0<a href=\"https:\/\/play.google.com\/store\/apps\/details?id=tw.mobileapp.qrcode.banner\">QR Code Reader\u00a0<\/a>\u00a0f\u00fcr Android und\u00a0<a href=\"https:\/\/itunes.apple.com\/en\/app\/qr-reader-for-iphone\/id368494609?mt=8\">QR Code Reader f\u00fcr Apple Iphone<\/a><\/p>\n<p>Moderiert wird das Bing von Mario Purkathofer und Daniel Boos &#8211; Dock18 &#8211; Institut f\u00fcr Medienkulturen, Z\u00fcrich. W\u00e4hrend dem Bingo erz\u00e4hlen sie die Werkgeschichten von deren Entstehung, dem \u00fcberdauern der Zeit und der heutigen Aneignung durch neue Kunstschaffende mit digitalen Technologien.<\/p>\n<p>Bingo wird am 27.11.2016 das erste Mal in Berlin zur V<a href=\"http:\/\/digitalbrainstorming.ch\/de\/program\/publicdomainberlin\">ernissage des Buches &#8222;Public Domain&#8220;,<\/a> Herausgeber Dominik Landwehr, Christof Merian Verlag, gespielt.<\/p>\n<p>Das Projekt wird finanzielle unterst\u00fctzt vom Migros Kulturprozent und hat 2015 den <a href=\"http:\/\/digitalbrainstorming.ch\/de\/program\/wbvergabe2015\">Werkbeitrag<\/a> erhalten.<\/p>\n<p>&nbsp;<\/p>\n<p>&nbsp;<\/p>\n<p>&nbsp;<\/p>\n<p>&nbsp;<\/p>\n","protected":false},"excerpt":{"rendered":"<p>Re:Public Domain Bingo ist ein Bingo \u00a0basierend auf Werken im Public Domain. Gewonnen hat die Person, welche als erste 6 von 49 Werken gesammelt hat. \u00a0Gesammelt werden die Werke auf einer leeren Vorlage des Werkes &#8222;Industriebauern&#8220; und der \u00a0Bingo-Schablonen mit den Zahlen. Um mitzuspielen wird ein Smartphone mit QR Reader empfohlen. Um mitzuspielen wird ein &hellip; <a href=\"https:\/\/republicdomain.net\/pinago\/info\/\" class=\"more-link\"><span class=\"screen-reader-text\">Info<\/span> weiterlesen <span class=\"meta-nav\">&rarr;<\/span><\/a><\/p>\n","protected":false},"author":1,"featured_media":0,"parent":0,"menu_order":0,"comment_status":"closed","ping_status":"closed","template":"","meta":{"footnotes":""},"class_list":["post-174","page","type-page","status-publish","hentry"],"_links":{"self":[{"href":"https:\/\/republicdomain.net\/pinago\/wp-json\/wp\/v2\/pages\/174","targetHints":{"allow":["GET"]}}],"collection":[{"href":"https:\/\/republicdomain.net\/pinago\/wp-json\/wp\/v2\/pages"}],"about":[{"href":"https:\/\/republicdomain.net\/pinago\/wp-json\/wp\/v2\/types\/page"}],"author":[{"embeddable":true,"href":"https:\/\/republicdomain.net\/pinago\/wp-json\/wp\/v2\/users\/1"}],"replies":[{"embeddable":true,"href":"https:\/\/republicdomain.net\/pinago\/wp-json\/wp\/v2\/comments?post=174"}],"version-history":[{"count":2,"href":"https:\/\/republicdomain.net\/pinago\/wp-json\/wp\/v2\/pages\/174\/revisions"}],"predecessor-version":[{"id":178,"href":"https:\/\/republicdomain.net\/pinago\/wp-json\/wp\/v2\/pages\/174\/revisions\/178"}],"wp:attachment":[{"href":"https:\/\/republicdomain.net\/pinago\/wp-json\/wp\/v2\/media?parent=174"}],"curies":[{"name":"wp","href":"https:\/\/api.w.org\/{rel}","templated":true}]}}