{"id":2,"date":"2016-09-04T16:43:34","date_gmt":"2016-09-04T14:43:34","guid":{"rendered":"http:\/\/republicdomain.net\/redada\/?page_id=2"},"modified":"2016-09-20T20:38:38","modified_gmt":"2016-09-20T18:38:38","slug":"works","status":"publish","type":"page","link":"https:\/\/republicdomain.net\/redada\/works\/","title":{"rendered":"Archetypes"},"content":{"rendered":"<div class=\"desktop-6 tablet-4 mobile-3\">\n<p><!-- <img loading=\"lazy\" decoding=\"async\" class=\"alignnone wp-image-1132 size-mh-magazine-slider\" src=\"https:\/\/republicdomain.net\/redada\/wp-content\/uploads\/sites\/9\/2016\/09\/Untitled-01-299-1030x438.jpg\" alt=\"untitled-01-299\" width=\"1030\" height=\"438\" \/> --><\/p>\n<p>Re:Dada, together with other Dada specialists, assembled a collection of popular Dada works that spontaneously came to mind. Original Dada works picked from various archives such as Kunsthaus Z\u00fcrich, the Swiss archive of literature, the John Heartfield Online Museum or other archives available via the internet. This collection of digitized works build the foundation for these contemporary adaptations by Swiss and US artists, which are displayed at an exhibition at the swissnex gallery in San Francisco for one month, November 2016. <\/p>\n<p><!-- Zusammen mit Dada-Spezialistinnen w\u00e4hlten wir dadaistische Werke aus, die uns spontan eingefallen sind. Das finale Deck wird nach dem 100-j\u00e4hrigen Jubil\u00e4um von Dada publiziert. Die versammelten Digitalisate dienen als Grundlage f\u00fcr zeitgen\u00f6ssische Adaptionen von K\u00fcnstlern und werden an der Ausstellung Re:Dada im November in San Francisco bei Swissnex ausgestellt. --><\/p>\n<h2>[wdps id=&#187;1&#8243;]<\/h2>\n<p>[table id=3 \/]<\/p>\n<h2><\/h2>\n<\/div>\n<section id=\"all_cards\" class=\"\">\n<div class=\"\"><\/div>\n<\/section>\n","protected":false},"excerpt":{"rendered":"<div class=\"mh-excerpt\"><p>Re:Dada, together with other Dada specialists, assembled a collection of popular Dada works that spontaneously came to mind. Original Dada works picked from various archives such as Kunsthaus Z\u00fcrich, the Swiss archive of literature, the <a class=\"mh-excerpt-more\" href=\"https:\/\/republicdomain.net\/redada\/works\/\" title=\"Archetypes\">[&#8230;]<\/a><\/p>\n<\/div>","protected":false},"author":1,"featured_media":0,"parent":0,"menu_order":0,"comment_status":"closed","ping_status":"closed","template":"","meta":{"footnotes":""},"class_list":["post-2","page","type-page","status-publish","hentry"],"_links":{"self":[{"href":"https:\/\/republicdomain.net\/redada\/wp-json\/wp\/v2\/pages\/2","targetHints":{"allow":["GET"]}}],"collection":[{"href":"https:\/\/republicdomain.net\/redada\/wp-json\/wp\/v2\/pages"}],"about":[{"href":"https:\/\/republicdomain.net\/redada\/wp-json\/wp\/v2\/types\/page"}],"author":[{"embeddable":true,"href":"https:\/\/republicdomain.net\/redada\/wp-json\/wp\/v2\/users\/1"}],"replies":[{"embeddable":true,"href":"https:\/\/republicdomain.net\/redada\/wp-json\/wp\/v2\/comments?post=2"}],"version-history":[{"count":13,"href":"https:\/\/republicdomain.net\/redada\/wp-json\/wp\/v2\/pages\/2\/revisions"}],"predecessor-version":[{"id":1181,"href":"https:\/\/republicdomain.net\/redada\/wp-json\/wp\/v2\/pages\/2\/revisions\/1181"}],"wp:attachment":[{"href":"https:\/\/republicdomain.net\/redada\/wp-json\/wp\/v2\/media?parent=2"}],"curies":[{"name":"wp","href":"https:\/\/api.w.org\/{rel}","templated":true}]}}